{"id":3971,"date":"2025-07-30T11:35:45","date_gmt":"2025-07-30T08:35:45","guid":{"rendered":"https:\/\/ahvyapiinsaat.com.tr\/our-renavation-projects\/azka-otel\/"},"modified":"2025-07-30T15:31:12","modified_gmt":"2025-07-30T12:31:12","slug":"azka-hotel","status":"publish","type":"page","link":"https:\/\/ahvyapiinsaat.com.tr\/en\/our-renavation-projects\/azka-hotel\/","title":{"rendered":"Azka Hotel"},"content":{"rendered":"\t\t<div data-elementor-type=\"wp-page\" data-elementor-id=\"3971\" class=\"elementor elementor-3971 elementor-3885\">\n\t\t\t\t<div class=\"elementor-element elementor-element-7a6e527 e-con-full e-flex e-con e-parent\" data-id=\"7a6e527\" data-element_type=\"container\">\n\t\t\t\t<div class=\"elementor-element elementor-element-1384e41 elementor-widget elementor-widget-amortez_project_details\" data-id=\"1384e41\" data-element_type=\"widget\" data-widget_type=\"amortez_project_details.default\">\n\t\t\t\t<div class=\"elementor-widget-container\">\n\t\t\t\t\t\t\t\n        <section class=\"project-details p_relative \">\n            <div class=\"large-container\">\n                <div class=\"project-details-content sec-pad p_relative\">\n                    <div class=\"row clearfix\">\n                        <div class=\"col-lg-7 col-md-12 col-sm-12 image-column\">\n                            <figure class=\"image-box p_relative d_block\">\n\t\t\t\t\t\t\t\t   \n\t\t\t\t\t\t\t\t<img decoding=\"async\" src=\"https:\/\/ahvyapiinsaat.com.tr\/wp-content\/uploads\/2024\/11\/bogazici-kapak.jpg\" alt=\"\"\/>\n\t\t\t\t\t\t\t\t\t\t\t\t\t\t\t<\/figure>\n                        <\/div>\n                        <div class=\"col-lg-5 col-md-12 col-sm-12 content-column\">\n                            <div class=\"content-box p_relative d_block ml_30\">\n                                <h2 class=\"d_block fs_30 lh_40 fw_exbold mb_25\">Project Details<\/h2>\n                                <h3 class=\"d_block fs_24 lh_30 mb_16\"><\/h3>\n                                <p class=\"lh_30 mb_50\">AZKA HOTEL Turnkey Project is a special project realized within the hotel. Within the scope of the project, modern designed suites were built considering the comfort and expectations of the guests. The entire construction process and interior arrangements were meticulously carried out and the project was completed on turnkey basis. With high quality materials, stylish design details and functional solutions, these suites aim to offer guests a luxurious and comfortable accommodation experience. AZKA HOTEL Project adds value to a special hotel concept where aesthetics and comfort meet.<\/p>\n                                <ul class=\"project-info clearfix p_relative d_block mb_70\">\n\t\t\t\t\t\t\t\t\t                                    <li class=\"p_relative d_block fs_18 lh_30 mb_20\"><h5 class=\"d_iblock fs_18 fw_sbold w_200\">Project Category<\/h5>Turnkey Project<\/li>\n\t\t\t\t\t\t\t\t\t                                <\/ul>\n                                <div class=\"btn-box\">\n\t\t\t\t\t\t\t\t\t\t\t\t\t\t\t\t\t\t                                    <a href=\"https:\/\/ahvyapiinsaat.com.tr\/iletisim\/\" class=\"theme-btn bg_yellow\">Contact Us<i class=\"icon-3\"><\/i><\/a>\n\t\t\t\t\t\t\t\t\t                                <\/div>\n                            <\/div>\n                        <\/div>\n                    <\/div>\n                <\/div>\n            <\/div>\n        <\/section>\n\t\t\n\t\t\t\t\t\t<\/div>\n\t\t\t\t<\/div>\n\t\t\t\t<div class=\"elementor-element elementor-element-1ee5856 elementor-hidden-desktop elementor-hidden-tablet elementor-hidden-mobile elementor-widget elementor-widget-amortez_gallery\" data-id=\"1ee5856\" data-element_type=\"widget\" data-widget_type=\"amortez_gallery.default\">\n\t\t\t\t<div class=\"elementor-widget-container\">\n\t\t\t\t\t\t\t\n\n     <script>\n jQuery(document).ready(function($) {\n\n\/\/put the js code under this line \n\n\tif ($(\".four-item-carousel\").length) {\n\t\t$(\".four-item-carousel\").owlCarousel({\n\t\t\tloop:true,\n\t\t\tmargin:30,\n\t\t\tnav:true,\n\t\t\tsmartSpeed: 500,\n\t\t\tautoplay: 1000,\n\t\t\tresponsive:{\n\t\t\t\t0:{\n\t\t\t\t\titems:1\n\t\t\t\t},\n\t\t\t\t480:{\n\t\t\t\t\titems:1\n\t\t\t\t},\n\t\t\t\t600:{\n\t\t\t\t\titems:2\n\t\t\t\t},\n\t\t\t\t800:{\n\t\t\t\t\titems:3\n\t\t\t\t},\n\t\t\t\t1024:{\n\t\t\t\t\titems:4\n\t\t\t\t}\n\t\t\t}\n\t\t});    \t\t\n\t}\n\n\/\/put the code above the line \n\n  });\n<\/script>\n\n\n     <script>\n jQuery(document).ready(function($) {\n\n\/\/put the js code under this line \n\n\tif ($(\".single-item-carousel\").length) {\n\t\t$(\".single-item-carousel\").owlCarousel({\n\t\t\tloop:true,\n\t\t\tmargin:30,\n\t\t\tnav:true,\n\t\t\tsmartSpeed: 500,\n\t\t\tautoplay: 1000,\n\t\t\tresponsive:{\n\t\t\t\t0:{\n\t\t\t\t\titems:1\n\t\t\t\t},\n\t\t\t\t480:{\n\t\t\t\t\titems:1\n\t\t\t\t},\n\t\t\t\t600:{\n\t\t\t\t\titems:1\n\t\t\t\t},\n\t\t\t\t800:{\n\t\t\t\t\titems:1\n\t\t\t\t},\t\t\t\n\t\t\t\t1200:{\n\t\t\t\t\titems:1\n\t\t\t\t}\n\n\t\t\t}\n\t\t});    \t\t\n\t}\n\n\/\/put the code above the line \n\n  });\n<\/script>\n\n\n     <script>\n jQuery(document).ready(function($) {\n\n\/\/put the js code under this line \n\n\tif ($(\".apartment-carousel\").length) {\n\t\t$(\".apartment-carousel\").owlCarousel({\n\t\t\tloop:true,\n\t\t\tmargin:0,\n\t\t\tnav:true,\n\t\t\tsmartSpeed: 500,\n\t\t\tautoplay: 1000,\n\t\t\tresponsive:{\n\t\t\t\t0:{\n\t\t\t\t\titems:1\n\t\t\t\t},\n\t\t\t\t480:{\n\t\t\t\t\titems:1\n\t\t\t\t},\n\t\t\t\t600:{\n\t\t\t\t\titems:2\n\t\t\t\t},\n\t\t\t\t800:{\n\t\t\t\t\titems:3\n\t\t\t\t},\n\t\t\t\t1024:{\n\t\t\t\t\titems:4\n\t\t\t\t}\n\t\t\t}\n\t\t});    \t\t\n\t}\n\n\/\/put the code above the line \n\n  });\n<\/script>\t\t\n\t\t\t\t\n\t\t\t\t\n\t\t\t\t\n\t\t\t\t\n\t\t\t\t\n\t\t\t\t\n\t\t\t\t\n        <section class=\"project-style-four p_relative pb_120 pl_80 pr_80 \">\n            <div class=\"container-fluid\">\n                <div class=\"row clearfix\">\n\t\t\t\t\t                    <div class=\"col-lg-3 col-md-6 col-sm-12 project-block\">\n                        <div class=\"project-block-four\">\n                            <div class=\"inner-box p_relative d_block mb_30\">\n                                <figure class=\"image-box p_relative d_block\">\n\t\t\t\t\t\t\t\t\t\t\t\t\t\t\t\t<img decoding=\"async\" src=\"https:\/\/ahvyapiinsaat.com.tr\/wp-content\/uploads\/2024\/11\/bogazici-1.jpg\" alt=\"\">\n\t\t\t\t\t\t\t\t\t\t\t\t\t\t\t\t<\/figure>\n                                <a href=\"https:\/\/ahvyapiinsaat.com.tr\/wp-content\/uploads\/2024\/11\/bogazici-1.jpg\" class=\"lightbox-image\" data-fancybox=\"gallery\"><i class=\"far fa-search-plus\"><\/i><\/a>\n                            <\/div>\n                        <\/div>\n                    <\/div>\n\t\t\t\t\t                    <div class=\"col-lg-3 col-md-6 col-sm-12 project-block\">\n                        <div class=\"project-block-four\">\n                            <div class=\"inner-box p_relative d_block mb_30\">\n                                <figure class=\"image-box p_relative d_block\">\n\t\t\t\t\t\t\t\t\t\t\t\t\t\t\t\t<img decoding=\"async\" src=\"https:\/\/ahvyapiinsaat.com.tr\/wp-content\/uploads\/2024\/11\/bogazici-2.jpg\" alt=\"\">\n\t\t\t\t\t\t\t\t\t\t\t\t\t\t\t\t<\/figure>\n                                <a href=\"https:\/\/ahvyapiinsaat.com.tr\/wp-content\/uploads\/2024\/11\/bogazici-2.jpg\" class=\"lightbox-image\" data-fancybox=\"gallery\"><i class=\"far fa-search-plus\"><\/i><\/a>\n                            <\/div>\n                        <\/div>\n                    <\/div>\n\t\t\t\t\t                    <div class=\"col-lg-3 col-md-6 col-sm-12 project-block\">\n                        <div class=\"project-block-four\">\n                            <div class=\"inner-box p_relative d_block mb_30\">\n                                <figure class=\"image-box p_relative d_block\">\n\t\t\t\t\t\t\t\t\t\t\t\t\t\t\t\t<img decoding=\"async\" src=\"https:\/\/ahvyapiinsaat.com.tr\/wp-content\/uploads\/2024\/11\/bogazici-3.jpg\" alt=\"\">\n\t\t\t\t\t\t\t\t\t\t\t\t\t\t\t\t<\/figure>\n                                <a href=\"https:\/\/ahvyapiinsaat.com.tr\/wp-content\/uploads\/2024\/11\/bogazici-3.jpg\" class=\"lightbox-image\" data-fancybox=\"gallery\"><i class=\"far fa-search-plus\"><\/i><\/a>\n                            <\/div>\n                        <\/div>\n                    <\/div>\n\t\t\t\t\t                    <div class=\"col-lg-3 col-md-6 col-sm-12 project-block\">\n                        <div class=\"project-block-four\">\n                            <div class=\"inner-box p_relative d_block mb_30\">\n                                <figure class=\"image-box p_relative d_block\">\n\t\t\t\t\t\t\t\t\t\t\t\t\t\t\t\t<img decoding=\"async\" src=\"https:\/\/ahvyapiinsaat.com.tr\/wp-content\/uploads\/2024\/11\/bogazici-4.jpg\" alt=\"\">\n\t\t\t\t\t\t\t\t\t\t\t\t\t\t\t\t<\/figure>\n                                <a href=\"https:\/\/ahvyapiinsaat.com.tr\/wp-content\/uploads\/2024\/11\/bogazici-4.jpg\" class=\"lightbox-image\" data-fancybox=\"gallery\"><i class=\"far fa-search-plus\"><\/i><\/a>\n                            <\/div>\n                        <\/div>\n                    <\/div>\n\t\t\t\t\t                    <div class=\"col-lg-3 col-md-6 col-sm-12 project-block\">\n                        <div class=\"project-block-four\">\n                            <div class=\"inner-box p_relative d_block mb_30\">\n                                <figure class=\"image-box p_relative d_block\">\n\t\t\t\t\t\t\t\t\t\t\t\t\t\t\t\t<img decoding=\"async\" src=\"https:\/\/ahvyapiinsaat.com.tr\/wp-content\/uploads\/2024\/11\/bogazici-5.jpg\" alt=\"\">\n\t\t\t\t\t\t\t\t\t\t\t\t\t\t\t\t<\/figure>\n                                <a href=\"https:\/\/ahvyapiinsaat.com.tr\/wp-content\/uploads\/2024\/11\/bogazici-5.jpg\" class=\"lightbox-image\" data-fancybox=\"gallery\"><i class=\"far fa-search-plus\"><\/i><\/a>\n                            <\/div>\n                        <\/div>\n                    <\/div>\n\t\t\t\t\t                    <div class=\"col-lg-3 col-md-6 col-sm-12 project-block\">\n                        <div class=\"project-block-four\">\n                            <div class=\"inner-box p_relative d_block mb_30\">\n                                <figure class=\"image-box p_relative d_block\">\n\t\t\t\t\t\t\t\t\t\t\t\t\t\t\t\t<img decoding=\"async\" src=\"https:\/\/ahvyapiinsaat.com.tr\/wp-content\/uploads\/2024\/11\/bogazici-6.jpg\" alt=\"\">\n\t\t\t\t\t\t\t\t\t\t\t\t\t\t\t\t<\/figure>\n                                <a href=\"https:\/\/ahvyapiinsaat.com.tr\/wp-content\/uploads\/2024\/11\/bogazici-6.jpg\" class=\"lightbox-image\" data-fancybox=\"gallery\"><i class=\"far fa-search-plus\"><\/i><\/a>\n                            <\/div>\n                        <\/div>\n                    <\/div>\n\t\t\t\t\t                    <div class=\"col-lg-3 col-md-6 col-sm-12 project-block\">\n                        <div class=\"project-block-four\">\n                            <div class=\"inner-box p_relative d_block mb_30\">\n                                <figure class=\"image-box p_relative d_block\">\n\t\t\t\t\t\t\t\t\t\t\t\t\t\t\t\t<img decoding=\"async\" src=\"https:\/\/ahvyapiinsaat.com.tr\/wp-content\/uploads\/2024\/11\/bogazici-7.jpg\" alt=\"\">\n\t\t\t\t\t\t\t\t\t\t\t\t\t\t\t\t<\/figure>\n                                <a href=\"https:\/\/ahvyapiinsaat.com.tr\/wp-content\/uploads\/2024\/11\/bogazici-7.jpg\" class=\"lightbox-image\" data-fancybox=\"gallery\"><i class=\"far fa-search-plus\"><\/i><\/a>\n                            <\/div>\n                        <\/div>\n                    <\/div>\n\t\t\t\t\t                    <div class=\"col-lg-3 col-md-6 col-sm-12 project-block\">\n                        <div class=\"project-block-four\">\n                            <div class=\"inner-box p_relative d_block mb_30\">\n                                <figure class=\"image-box p_relative d_block\">\n\t\t\t\t\t\t\t\t\t\t\t\t\t\t\t\t<img decoding=\"async\" src=\"https:\/\/ahvyapiinsaat.com.tr\/wp-content\/uploads\/2024\/11\/bogazici-8.jpg\" alt=\"\">\n\t\t\t\t\t\t\t\t\t\t\t\t\t\t\t\t<\/figure>\n                                <a href=\"https:\/\/ahvyapiinsaat.com.tr\/wp-content\/uploads\/2024\/11\/bogazici-8.jpg\" class=\"lightbox-image\" data-fancybox=\"gallery\"><i class=\"far fa-search-plus\"><\/i><\/a>\n                            <\/div>\n                        <\/div>\n                    <\/div>\n\t\t\t\t\t                    <div class=\"col-lg-3 col-md-6 col-sm-12 project-block\">\n                        <div class=\"project-block-four\">\n                            <div class=\"inner-box p_relative d_block mb_30\">\n                                <figure class=\"image-box p_relative d_block\">\n\t\t\t\t\t\t\t\t\t\t\t\t\t\t\t\t<img decoding=\"async\" src=\"https:\/\/ahvyapiinsaat.com.tr\/wp-content\/uploads\/2024\/11\/bogazici-9.jpg\" alt=\"\">\n\t\t\t\t\t\t\t\t\t\t\t\t\t\t\t\t<\/figure>\n                                <a href=\"https:\/\/ahvyapiinsaat.com.tr\/wp-content\/uploads\/2024\/11\/bogazici-9.jpg\" class=\"lightbox-image\" data-fancybox=\"gallery\"><i class=\"far fa-search-plus\"><\/i><\/a>\n                            <\/div>\n                        <\/div>\n                    <\/div>\n\t\t\t\t\t                    <div class=\"col-lg-3 col-md-6 col-sm-12 project-block\">\n                        <div class=\"project-block-four\">\n                            <div class=\"inner-box p_relative d_block mb_30\">\n                                <figure class=\"image-box p_relative d_block\">\n\t\t\t\t\t\t\t\t\t\t\t\t\t\t\t\t<img decoding=\"async\" src=\"https:\/\/ahvyapiinsaat.com.tr\/wp-content\/uploads\/2024\/11\/bogazici-10.jpg\" alt=\"\">\n\t\t\t\t\t\t\t\t\t\t\t\t\t\t\t\t<\/figure>\n                                <a href=\"https:\/\/ahvyapiinsaat.com.tr\/wp-content\/uploads\/2024\/11\/bogazici-10.jpg\" class=\"lightbox-image\" data-fancybox=\"gallery\"><i class=\"far fa-search-plus\"><\/i><\/a>\n                            <\/div>\n                        <\/div>\n                    <\/div>\n\t\t\t\t\t                    <div class=\"col-lg-3 col-md-6 col-sm-12 project-block\">\n                        <div class=\"project-block-four\">\n                            <div class=\"inner-box p_relative d_block mb_30\">\n                                <figure class=\"image-box p_relative d_block\">\n\t\t\t\t\t\t\t\t\t\t\t\t\t\t\t\t<img decoding=\"async\" src=\"https:\/\/ahvyapiinsaat.com.tr\/wp-content\/uploads\/2024\/11\/bogazici-11.jpg\" alt=\"\">\n\t\t\t\t\t\t\t\t\t\t\t\t\t\t\t\t<\/figure>\n                                <a href=\"https:\/\/ahvyapiinsaat.com.tr\/wp-content\/uploads\/2024\/11\/bogazici-11.jpg\" class=\"lightbox-image\" data-fancybox=\"gallery\"><i class=\"far fa-search-plus\"><\/i><\/a>\n                            <\/div>\n                        <\/div>\n                    <\/div>\n\t\t\t\t\t                    <div class=\"col-lg-3 col-md-6 col-sm-12 project-block\">\n                        <div class=\"project-block-four\">\n                            <div class=\"inner-box p_relative d_block mb_30\">\n                                <figure class=\"image-box p_relative d_block\">\n\t\t\t\t\t\t\t\t\t\t\t\t\t\t\t\t<img decoding=\"async\" src=\"https:\/\/ahvyapiinsaat.com.tr\/wp-content\/uploads\/2024\/11\/bogazici-12.jpg\" alt=\"\">\n\t\t\t\t\t\t\t\t\t\t\t\t\t\t\t\t<\/figure>\n                                <a href=\"https:\/\/ahvyapiinsaat.com.tr\/wp-content\/uploads\/2024\/11\/bogazici-12.jpg\" class=\"lightbox-image\" data-fancybox=\"gallery\"><i class=\"far fa-search-plus\"><\/i><\/a>\n                            <\/div>\n                        <\/div>\n                    <\/div>\n\t\t\t\t\t                    <div class=\"col-lg-3 col-md-6 col-sm-12 project-block\">\n                        <div class=\"project-block-four\">\n                            <div class=\"inner-box p_relative d_block mb_30\">\n                                <figure class=\"image-box p_relative d_block\">\n\t\t\t\t\t\t\t\t\t\t\t\t\t\t\t\t<img decoding=\"async\" src=\"https:\/\/ahvyapiinsaat.com.tr\/wp-content\/uploads\/2024\/11\/bogazici-13.jpg\" alt=\"\">\n\t\t\t\t\t\t\t\t\t\t\t\t\t\t\t\t<\/figure>\n                                <a href=\"https:\/\/ahvyapiinsaat.com.tr\/wp-content\/uploads\/2024\/11\/bogazici-13.jpg\" class=\"lightbox-image\" data-fancybox=\"gallery\"><i class=\"far fa-search-plus\"><\/i><\/a>\n                            <\/div>\n                        <\/div>\n                    <\/div>\n\t\t\t\t\t                <\/div>\n            <\/div>\n        <\/section>\n\t\t\n\t\t\t\t\n\t\t\t\t\t\t<\/div>\n\t\t\t\t<\/div>\n\t\t\t\t<\/div>\n\t\t\t\t<\/div>\n\t\t","protected":false},"excerpt":{"rendered":"<p>Project Details AZKA HOTEL Turnkey Project is a special project realized within the hotel. Within the scope of the project, modern designed suites were built considering the comfort and expectations of the guests. The entire construction process and interior arrangements were meticulously carried out and the project was completed on turnkey basis. With high quality [&hellip;]<\/p>\n","protected":false},"author":1,"featured_media":0,"parent":3958,"menu_order":0,"comment_status":"closed","ping_status":"closed","template":"tpl-default-elementor.php","meta":{"footnotes":""},"class_list":["post-3971","page","type-page","status-publish","hentry"],"yoast_head":"<!-- This site is optimized with the Yoast SEO plugin v26.0 - https:\/\/yoast.com\/wordpress\/plugins\/seo\/ -->\n<title>Azka Hotel - AHV Yap\u0131<\/title>\n<meta name=\"description\" content=\"Azka Hotel hakk\u0131nda t\u00fcm detaylar, teknik bilgiler ve g\u00f6rseller i\u00e7in AHV Yap\u0131 sitesini ziyaret edin.\" \/>\n<meta name=\"robots\" content=\"index, follow, max-snippet:-1, max-image-preview:large, max-video-preview:-1\" \/>\n<link rel=\"canonical\" href=\"https:\/\/ahvyapiinsaat.com.tr\/en\/our-renavation-projects\/azka-hotel\/\" \/>\n<meta property=\"og:locale\" content=\"en_US\" \/>\n<meta property=\"og:type\" content=\"article\" \/>\n<meta property=\"og:title\" content=\"Azka Hotel - AHV Yap\u0131\" \/>\n<meta property=\"og:description\" content=\"Azka Hotel hakk\u0131nda t\u00fcm detaylar, teknik bilgiler ve g\u00f6rseller i\u00e7in AHV Yap\u0131 sitesini ziyaret edin.\" \/>\n<meta property=\"og:url\" content=\"https:\/\/ahvyapiinsaat.com.tr\/en\/our-renavation-projects\/azka-hotel\/\" \/>\n<meta property=\"og:site_name\" content=\"AHV Yap\u0131\" \/>\n<meta property=\"article:modified_time\" content=\"2025-07-30T12:31:12+00:00\" \/>\n<meta property=\"og:image\" content=\"https:\/\/ahvyapiinsaat.com.tr\/wp-content\/uploads\/2024\/11\/bogazici-kapak.jpg\" \/>\n<meta name=\"twitter:card\" content=\"summary_large_image\" \/>\n<script type=\"application\/ld+json\" class=\"yoast-schema-graph\">{\"@context\":\"https:\/\/schema.org\",\"@graph\":[{\"@type\":\"WebPage\",\"@id\":\"https:\/\/ahvyapiinsaat.com.tr\/en\/our-renavation-projects\/azka-hotel\/\",\"url\":\"https:\/\/ahvyapiinsaat.com.tr\/en\/our-renavation-projects\/azka-hotel\/\",\"name\":\"Azka Hotel - AHV Yap\u0131\",\"isPartOf\":{\"@id\":\"https:\/\/ahvyapiinsaat.com.tr\/#website\"},\"primaryImageOfPage\":{\"@id\":\"https:\/\/ahvyapiinsaat.com.tr\/en\/our-renavation-projects\/azka-hotel\/#primaryimage\"},\"image\":{\"@id\":\"https:\/\/ahvyapiinsaat.com.tr\/en\/our-renavation-projects\/azka-hotel\/#primaryimage\"},\"thumbnailUrl\":\"https:\/\/ahvyapiinsaat.com.tr\/wp-content\/uploads\/2024\/11\/bogazici-kapak.jpg\",\"datePublished\":\"2025-07-30T08:35:45+00:00\",\"dateModified\":\"2025-07-30T12:31:12+00:00\",\"description\":\"Azka Hotel hakk\u0131nda t\u00fcm detaylar, teknik bilgiler ve g\u00f6rseller i\u00e7in AHV Yap\u0131 sitesini ziyaret edin.\",\"breadcrumb\":{\"@id\":\"https:\/\/ahvyapiinsaat.com.tr\/en\/our-renavation-projects\/azka-hotel\/#breadcrumb\"},\"inLanguage\":\"en-US\",\"potentialAction\":[{\"@type\":\"ReadAction\",\"target\":[\"https:\/\/ahvyapiinsaat.com.tr\/en\/our-renavation-projects\/azka-hotel\/\"]}]},{\"@type\":\"ImageObject\",\"inLanguage\":\"en-US\",\"@id\":\"https:\/\/ahvyapiinsaat.com.tr\/en\/our-renavation-projects\/azka-hotel\/#primaryimage\",\"url\":\"https:\/\/ahvyapiinsaat.com.tr\/wp-content\/uploads\/2024\/11\/bogazici-kapak.jpg\",\"contentUrl\":\"https:\/\/ahvyapiinsaat.com.tr\/wp-content\/uploads\/2024\/11\/bogazici-kapak.jpg\"},{\"@type\":\"BreadcrumbList\",\"@id\":\"https:\/\/ahvyapiinsaat.com.tr\/en\/our-renavation-projects\/azka-hotel\/#breadcrumb\",\"itemListElement\":[{\"@type\":\"ListItem\",\"position\":1,\"name\":\"Anasayfa\",\"item\":\"https:\/\/ahvyapiinsaat.com.tr\/en\/home-page-01\/\"},{\"@type\":\"ListItem\",\"position\":2,\"name\":\"Our Renavation Projects\",\"item\":\"https:\/\/ahvyapiinsaat.com.tr\/en\/our-renavation-projects\/\"},{\"@type\":\"ListItem\",\"position\":3,\"name\":\"Azka Hotel\"}]},{\"@type\":\"WebSite\",\"@id\":\"https:\/\/ahvyapiinsaat.com.tr\/#website\",\"url\":\"https:\/\/ahvyapiinsaat.com.tr\/\",\"name\":\"AHV Yap\u0131\",\"description\":\"\",\"publisher\":{\"@id\":\"https:\/\/ahvyapiinsaat.com.tr\/#organization\"},\"potentialAction\":[{\"@type\":\"SearchAction\",\"target\":{\"@type\":\"EntryPoint\",\"urlTemplate\":\"https:\/\/ahvyapiinsaat.com.tr\/?s={search_term_string}\"},\"query-input\":{\"@type\":\"PropertyValueSpecification\",\"valueRequired\":true,\"valueName\":\"search_term_string\"}}],\"inLanguage\":\"en-US\"},{\"@type\":\"Organization\",\"@id\":\"https:\/\/ahvyapiinsaat.com.tr\/#organization\",\"name\":\"AHV Yap\u0131\",\"url\":\"https:\/\/ahvyapiinsaat.com.tr\/\",\"logo\":{\"@type\":\"ImageObject\",\"inLanguage\":\"en-US\",\"@id\":\"https:\/\/ahvyapiinsaat.com.tr\/#\/schema\/logo\/image\/\",\"url\":\"https:\/\/ahvyapiinsaat.com.tr\/wp-content\/uploads\/2024\/11\/favicon.png\",\"contentUrl\":\"https:\/\/ahvyapiinsaat.com.tr\/wp-content\/uploads\/2024\/11\/favicon.png\",\"width\":512,\"height\":512,\"caption\":\"AHV Yap\u0131\"},\"image\":{\"@id\":\"https:\/\/ahvyapiinsaat.com.tr\/#\/schema\/logo\/image\/\"}}]}<\/script>\n<!-- \/ Yoast SEO plugin. -->","yoast_head_json":{"title":"Azka Hotel - AHV Yap\u0131","description":"Azka Hotel hakk\u0131nda t\u00fcm detaylar, teknik bilgiler ve g\u00f6rseller i\u00e7in AHV Yap\u0131 sitesini ziyaret edin.","robots":{"index":"index","follow":"follow","max-snippet":"max-snippet:-1","max-image-preview":"max-image-preview:large","max-video-preview":"max-video-preview:-1"},"canonical":"https:\/\/ahvyapiinsaat.com.tr\/en\/our-renavation-projects\/azka-hotel\/","og_locale":"en_US","og_type":"article","og_title":"Azka Hotel - AHV Yap\u0131","og_description":"Azka Hotel hakk\u0131nda t\u00fcm detaylar, teknik bilgiler ve g\u00f6rseller i\u00e7in AHV Yap\u0131 sitesini ziyaret edin.","og_url":"https:\/\/ahvyapiinsaat.com.tr\/en\/our-renavation-projects\/azka-hotel\/","og_site_name":"AHV Yap\u0131","article_modified_time":"2025-07-30T12:31:12+00:00","og_image":[{"url":"https:\/\/ahvyapiinsaat.com.tr\/wp-content\/uploads\/2024\/11\/bogazici-kapak.jpg","type":"","width":"","height":""}],"twitter_card":"summary_large_image","schema":{"@context":"https:\/\/schema.org","@graph":[{"@type":"WebPage","@id":"https:\/\/ahvyapiinsaat.com.tr\/en\/our-renavation-projects\/azka-hotel\/","url":"https:\/\/ahvyapiinsaat.com.tr\/en\/our-renavation-projects\/azka-hotel\/","name":"Azka Hotel - AHV Yap\u0131","isPartOf":{"@id":"https:\/\/ahvyapiinsaat.com.tr\/#website"},"primaryImageOfPage":{"@id":"https:\/\/ahvyapiinsaat.com.tr\/en\/our-renavation-projects\/azka-hotel\/#primaryimage"},"image":{"@id":"https:\/\/ahvyapiinsaat.com.tr\/en\/our-renavation-projects\/azka-hotel\/#primaryimage"},"thumbnailUrl":"https:\/\/ahvyapiinsaat.com.tr\/wp-content\/uploads\/2024\/11\/bogazici-kapak.jpg","datePublished":"2025-07-30T08:35:45+00:00","dateModified":"2025-07-30T12:31:12+00:00","description":"Azka Hotel hakk\u0131nda t\u00fcm detaylar, teknik bilgiler ve g\u00f6rseller i\u00e7in AHV Yap\u0131 sitesini ziyaret edin.","breadcrumb":{"@id":"https:\/\/ahvyapiinsaat.com.tr\/en\/our-renavation-projects\/azka-hotel\/#breadcrumb"},"inLanguage":"en-US","potentialAction":[{"@type":"ReadAction","target":["https:\/\/ahvyapiinsaat.com.tr\/en\/our-renavation-projects\/azka-hotel\/"]}]},{"@type":"ImageObject","inLanguage":"en-US","@id":"https:\/\/ahvyapiinsaat.com.tr\/en\/our-renavation-projects\/azka-hotel\/#primaryimage","url":"https:\/\/ahvyapiinsaat.com.tr\/wp-content\/uploads\/2024\/11\/bogazici-kapak.jpg","contentUrl":"https:\/\/ahvyapiinsaat.com.tr\/wp-content\/uploads\/2024\/11\/bogazici-kapak.jpg"},{"@type":"BreadcrumbList","@id":"https:\/\/ahvyapiinsaat.com.tr\/en\/our-renavation-projects\/azka-hotel\/#breadcrumb","itemListElement":[{"@type":"ListItem","position":1,"name":"Anasayfa","item":"https:\/\/ahvyapiinsaat.com.tr\/en\/home-page-01\/"},{"@type":"ListItem","position":2,"name":"Our Renavation Projects","item":"https:\/\/ahvyapiinsaat.com.tr\/en\/our-renavation-projects\/"},{"@type":"ListItem","position":3,"name":"Azka Hotel"}]},{"@type":"WebSite","@id":"https:\/\/ahvyapiinsaat.com.tr\/#website","url":"https:\/\/ahvyapiinsaat.com.tr\/","name":"AHV Yap\u0131","description":"","publisher":{"@id":"https:\/\/ahvyapiinsaat.com.tr\/#organization"},"potentialAction":[{"@type":"SearchAction","target":{"@type":"EntryPoint","urlTemplate":"https:\/\/ahvyapiinsaat.com.tr\/?s={search_term_string}"},"query-input":{"@type":"PropertyValueSpecification","valueRequired":true,"valueName":"search_term_string"}}],"inLanguage":"en-US"},{"@type":"Organization","@id":"https:\/\/ahvyapiinsaat.com.tr\/#organization","name":"AHV Yap\u0131","url":"https:\/\/ahvyapiinsaat.com.tr\/","logo":{"@type":"ImageObject","inLanguage":"en-US","@id":"https:\/\/ahvyapiinsaat.com.tr\/#\/schema\/logo\/image\/","url":"https:\/\/ahvyapiinsaat.com.tr\/wp-content\/uploads\/2024\/11\/favicon.png","contentUrl":"https:\/\/ahvyapiinsaat.com.tr\/wp-content\/uploads\/2024\/11\/favicon.png","width":512,"height":512,"caption":"AHV Yap\u0131"},"image":{"@id":"https:\/\/ahvyapiinsaat.com.tr\/#\/schema\/logo\/image\/"}}]}},"_links":{"self":[{"href":"https:\/\/ahvyapiinsaat.com.tr\/en\/wp-json\/wp\/v2\/pages\/3971","targetHints":{"allow":["GET"]}}],"collection":[{"href":"https:\/\/ahvyapiinsaat.com.tr\/en\/wp-json\/wp\/v2\/pages"}],"about":[{"href":"https:\/\/ahvyapiinsaat.com.tr\/en\/wp-json\/wp\/v2\/types\/page"}],"author":[{"embeddable":true,"href":"https:\/\/ahvyapiinsaat.com.tr\/en\/wp-json\/wp\/v2\/users\/1"}],"replies":[{"embeddable":true,"href":"https:\/\/ahvyapiinsaat.com.tr\/en\/wp-json\/wp\/v2\/comments?post=3971"}],"version-history":[{"count":4,"href":"https:\/\/ahvyapiinsaat.com.tr\/en\/wp-json\/wp\/v2\/pages\/3971\/revisions"}],"predecessor-version":[{"id":3976,"href":"https:\/\/ahvyapiinsaat.com.tr\/en\/wp-json\/wp\/v2\/pages\/3971\/revisions\/3976"}],"up":[{"embeddable":true,"href":"https:\/\/ahvyapiinsaat.com.tr\/en\/wp-json\/wp\/v2\/pages\/3958"}],"wp:attachment":[{"href":"https:\/\/ahvyapiinsaat.com.tr\/en\/wp-json\/wp\/v2\/media?parent=3971"}],"curies":[{"name":"wp","href":"https:\/\/api.w.org\/{rel}","templated":true}]}}